{"id":8,"date":"2022-02-28T23:15:07","date_gmt":"2022-02-28T22:15:07","guid":{"rendered":"http:\/\/automobilklubtarnow.pl\/?page_id=8"},"modified":"2023-05-23T08:48:31","modified_gmt":"2023-05-23T06:48:31","slug":"automobil-klub-tarnow","status":"publish","type":"page","link":"http:\/\/automobilklubtarnow.pl\/","title":{"rendered":"AUTOMOBIL KLUB TARN\u00d3W"},"content":{"rendered":"\n<div class=\"wp-block-media-text alignwide has-media-on-the-right is-stacked-on-mobile\"><div class=\"wp-block-media-text__content\">\n<h2 class=\"wp-block-heading\">IX Tarnowski Rajd Samochod\u00f3w Zabytkowych<\/h2>\n\n\n\n<p class=\"has-text-align-left\"><strong>8 &#8211; 11 czerwca 202<\/strong>3<\/p>\n<\/div><figure class=\"wp-block-media-text__media\"><img decoding=\"async\" loading=\"lazy\" width=\"1024\" height=\"544\" src=\"http:\/\/automobilklubtarnow.pl\/wp-content\/uploads\/2023\/05\/rajd-1024x544.jpg\" alt=\"\" class=\"wp-image-108 size-full\" srcset=\"http:\/\/automobilklubtarnow.pl\/wp-content\/uploads\/2023\/05\/rajd-1024x544.jpg 1024w, http:\/\/automobilklubtarnow.pl\/wp-content\/uploads\/2023\/05\/rajd-300x159.jpg 300w, http:\/\/automobilklubtarnow.pl\/wp-content\/uploads\/2023\/05\/rajd-768x408.jpg 768w, http:\/\/automobilklubtarnow.pl\/wp-content\/uploads\/2023\/05\/rajd-1536x816.jpg 1536w, http:\/\/automobilklubtarnow.pl\/wp-content\/uploads\/2023\/05\/rajd-1200x638.jpg 1200w, http:\/\/automobilklubtarnow.pl\/wp-content\/uploads\/2023\/05\/rajd.jpg 1807w\" sizes=\"(max-width: 1024px) 100vw, 1024px\" \/><\/figure><\/div>\n\n\n\n<h2 class=\"wp-block-heading has-text-align-center\"><strong>Zdj\u0119cia z wydarze<\/strong>\u0144 klubowych<\/h2>\n\n\n\n<div class=\"wp-block-columns alignwide is-layout-flex wp-container-7\">\n<div class=\"wp-block-column is-layout-flow\">\n<div class=\"wp-block-group is-layout-flow\"><div class=\"wp-block-group__inner-container\">\n<figure class=\"wp-block-image alignfull size-large\"><img decoding=\"async\" loading=\"lazy\" width=\"1024\" height=\"683\" src=\"http:\/\/automobilklubtarnow.pl\/wp-content\/uploads\/2022\/05\/DSC5743-1024x683.jpg\" alt=\"\" class=\"wp-image-63\" srcset=\"http:\/\/automobilklubtarnow.pl\/wp-content\/uploads\/2022\/05\/DSC5743-1024x683.jpg 1024w, http:\/\/automobilklubtarnow.pl\/wp-content\/uploads\/2022\/05\/DSC5743-300x200.jpg 300w, http:\/\/automobilklubtarnow.pl\/wp-content\/uploads\/2022\/05\/DSC5743-768x512.jpg 768w, http:\/\/automobilklubtarnow.pl\/wp-content\/uploads\/2022\/05\/DSC5743-1536x1024.jpg 1536w, http:\/\/automobilklubtarnow.pl\/wp-content\/uploads\/2022\/05\/DSC5743-2048x1365.jpg 2048w, http:\/\/automobilklubtarnow.pl\/wp-content\/uploads\/2022\/05\/DSC5743-1200x800.jpg 1200w, http:\/\/automobilklubtarnow.pl\/wp-content\/uploads\/2022\/05\/DSC5743-1980x1320.jpg 1980w\" sizes=\"(max-width: 1024px) 100vw, 1024px\" \/><\/figure>\n<\/div><\/div>\n\n\n\n<div class=\"wp-block-group is-layout-flow\"><div class=\"wp-block-group__inner-container\">\n<figure class=\"wp-block-image alignfull size-large\"><img decoding=\"async\" loading=\"lazy\" width=\"1024\" height=\"768\" src=\"http:\/\/automobilklubtarnow.pl\/wp-content\/uploads\/2022\/05\/IMG_0149-1024x768.jpg\" alt=\"\" class=\"wp-image-65\" srcset=\"http:\/\/automobilklubtarnow.pl\/wp-content\/uploads\/2022\/05\/IMG_0149-1024x768.jpg 1024w, http:\/\/automobilklubtarnow.pl\/wp-content\/uploads\/2022\/05\/IMG_0149-300x225.jpg 300w, http:\/\/automobilklubtarnow.pl\/wp-content\/uploads\/2022\/05\/IMG_0149-768x576.jpg 768w, http:\/\/automobilklubtarnow.pl\/wp-content\/uploads\/2022\/05\/IMG_0149-1536x1152.jpg 1536w, http:\/\/automobilklubtarnow.pl\/wp-content\/uploads\/2022\/05\/IMG_0149-2048x1536.jpg 2048w, http:\/\/automobilklubtarnow.pl\/wp-content\/uploads\/2022\/05\/IMG_0149-1200x900.jpg 1200w, http:\/\/automobilklubtarnow.pl\/wp-content\/uploads\/2022\/05\/IMG_0149-1980x1485.jpg 1980w\" sizes=\"(max-width: 1024px) 100vw, 1024px\" \/><\/figure>\n\n\n\n<figure class=\"wp-block-image size-large\"><img decoding=\"async\" loading=\"lazy\" width=\"1024\" height=\"683\" src=\"http:\/\/automobilklubtarnow.pl\/wp-content\/uploads\/2022\/05\/IMG_1289-1024x683.jpg\" alt=\"\" class=\"wp-image-71\" srcset=\"http:\/\/automobilklubtarnow.pl\/wp-content\/uploads\/2022\/05\/IMG_1289-1024x683.jpg 1024w, http:\/\/automobilklubtarnow.pl\/wp-content\/uploads\/2022\/05\/IMG_1289-300x200.jpg 300w, http:\/\/automobilklubtarnow.pl\/wp-content\/uploads\/2022\/05\/IMG_1289-768x512.jpg 768w, http:\/\/automobilklubtarnow.pl\/wp-content\/uploads\/2022\/05\/IMG_1289-1536x1024.jpg 1536w, http:\/\/automobilklubtarnow.pl\/wp-content\/uploads\/2022\/05\/IMG_1289-2048x1365.jpg 2048w, http:\/\/automobilklubtarnow.pl\/wp-content\/uploads\/2022\/05\/IMG_1289-1200x800.jpg 1200w, http:\/\/automobilklubtarnow.pl\/wp-content\/uploads\/2022\/05\/IMG_1289-1980x1320.jpg 1980w\" sizes=\"(max-width: 1024px) 100vw, 1024px\" \/><\/figure>\n<\/div><\/div>\n\n\n\n<figure class=\"wp-block-image size-large\"><img decoding=\"async\" loading=\"lazy\" width=\"1024\" height=\"700\" src=\"http:\/\/automobilklubtarnow.pl\/wp-content\/uploads\/2022\/05\/IMG_1543-1024x700.jpg\" alt=\"\" class=\"wp-image-92\" srcset=\"http:\/\/automobilklubtarnow.pl\/wp-content\/uploads\/2022\/05\/IMG_1543-1024x700.jpg 1024w, http:\/\/automobilklubtarnow.pl\/wp-content\/uploads\/2022\/05\/IMG_1543-300x205.jpg 300w, http:\/\/automobilklubtarnow.pl\/wp-content\/uploads\/2022\/05\/IMG_1543-768x525.jpg 768w, http:\/\/automobilklubtarnow.pl\/wp-content\/uploads\/2022\/05\/IMG_1543-1536x1049.jpg 1536w, http:\/\/automobilklubtarnow.pl\/wp-content\/uploads\/2022\/05\/IMG_1543-2048x1399.jpg 2048w, http:\/\/automobilklubtarnow.pl\/wp-content\/uploads\/2022\/05\/IMG_1543-1200x820.jpg 1200w, http:\/\/automobilklubtarnow.pl\/wp-content\/uploads\/2022\/05\/IMG_1543-1980x1353.jpg 1980w\" sizes=\"(max-width: 1024px) 100vw, 1024px\" \/><\/figure>\n<\/div>\n\n\n\n<div class=\"wp-block-column is-layout-flow\">\n<div class=\"wp-block-group is-layout-flow\"><div class=\"wp-block-group__inner-container\">\n<figure class=\"wp-block-image alignfull size-large\"><img decoding=\"async\" loading=\"lazy\" width=\"1024\" height=\"768\" src=\"http:\/\/automobilklubtarnow.pl\/wp-content\/uploads\/2022\/05\/IMG_0140-1024x768.jpg\" alt=\"\" class=\"wp-image-64\" srcset=\"http:\/\/automobilklubtarnow.pl\/wp-content\/uploads\/2022\/05\/IMG_0140-1024x768.jpg 1024w, http:\/\/automobilklubtarnow.pl\/wp-content\/uploads\/2022\/05\/IMG_0140-300x225.jpg 300w, http:\/\/automobilklubtarnow.pl\/wp-content\/uploads\/2022\/05\/IMG_0140-768x576.jpg 768w, http:\/\/automobilklubtarnow.pl\/wp-content\/uploads\/2022\/05\/IMG_0140-1536x1152.jpg 1536w, http:\/\/automobilklubtarnow.pl\/wp-content\/uploads\/2022\/05\/IMG_0140-2048x1536.jpg 2048w, http:\/\/automobilklubtarnow.pl\/wp-content\/uploads\/2022\/05\/IMG_0140-1200x900.jpg 1200w, http:\/\/automobilklubtarnow.pl\/wp-content\/uploads\/2022\/05\/IMG_0140-1980x1485.jpg 1980w\" sizes=\"(max-width: 1024px) 100vw, 1024px\" \/><\/figure>\n<\/div><\/div>\n\n\n\n<div class=\"wp-block-group is-layout-flow\"><div class=\"wp-block-group__inner-container\">\n<figure class=\"wp-block-image alignfull size-large\"><img decoding=\"async\" loading=\"lazy\" width=\"1024\" height=\"612\" src=\"http:\/\/automobilklubtarnow.pl\/wp-content\/uploads\/2022\/05\/IMG_1427-1024x612.jpg\" alt=\"\" class=\"wp-image-66\" srcset=\"http:\/\/automobilklubtarnow.pl\/wp-content\/uploads\/2022\/05\/IMG_1427-1024x612.jpg 1024w, http:\/\/automobilklubtarnow.pl\/wp-content\/uploads\/2022\/05\/IMG_1427-300x179.jpg 300w, http:\/\/automobilklubtarnow.pl\/wp-content\/uploads\/2022\/05\/IMG_1427-768x459.jpg 768w, http:\/\/automobilklubtarnow.pl\/wp-content\/uploads\/2022\/05\/IMG_1427-1536x919.jpg 1536w, http:\/\/automobilklubtarnow.pl\/wp-content\/uploads\/2022\/05\/IMG_1427-2048x1225.jpg 2048w, http:\/\/automobilklubtarnow.pl\/wp-content\/uploads\/2022\/05\/IMG_1427-1200x718.jpg 1200w, http:\/\/automobilklubtarnow.pl\/wp-content\/uploads\/2022\/05\/IMG_1427-1980x1184.jpg 1980w\" sizes=\"(max-width: 1024px) 100vw, 1024px\" \/><\/figure>\n\n\n\n<figure class=\"wp-block-image size-large\"><img decoding=\"async\" loading=\"lazy\" width=\"1024\" height=\"636\" src=\"http:\/\/automobilklubtarnow.pl\/wp-content\/uploads\/2022\/05\/IMG_1540-1024x636.jpg\" alt=\"\" class=\"wp-image-70\" srcset=\"http:\/\/automobilklubtarnow.pl\/wp-content\/uploads\/2022\/05\/IMG_1540-1024x636.jpg 1024w, http:\/\/automobilklubtarnow.pl\/wp-content\/uploads\/2022\/05\/IMG_1540-300x186.jpg 300w, http:\/\/automobilklubtarnow.pl\/wp-content\/uploads\/2022\/05\/IMG_1540-768x477.jpg 768w, http:\/\/automobilklubtarnow.pl\/wp-content\/uploads\/2022\/05\/IMG_1540-1536x954.jpg 1536w, http:\/\/automobilklubtarnow.pl\/wp-content\/uploads\/2022\/05\/IMG_1540-2048x1273.jpg 2048w, http:\/\/automobilklubtarnow.pl\/wp-content\/uploads\/2022\/05\/IMG_1540-1200x746.jpg 1200w, http:\/\/automobilklubtarnow.pl\/wp-content\/uploads\/2022\/05\/IMG_1540-1980x1230.jpg 1980w\" sizes=\"(max-width: 1024px) 100vw, 1024px\" \/><\/figure>\n<\/div><\/div>\n\n\n\n<figure class=\"wp-block-image size-large\"><img decoding=\"async\" loading=\"lazy\" width=\"1024\" height=\"515\" src=\"http:\/\/automobilklubtarnow.pl\/wp-content\/uploads\/2022\/05\/IMG_1305-1024x515.jpg\" alt=\"\" class=\"wp-image-93\" srcset=\"http:\/\/automobilklubtarnow.pl\/wp-content\/uploads\/2022\/05\/IMG_1305-1024x515.jpg 1024w, http:\/\/automobilklubtarnow.pl\/wp-content\/uploads\/2022\/05\/IMG_1305-300x151.jpg 300w, http:\/\/automobilklubtarnow.pl\/wp-content\/uploads\/2022\/05\/IMG_1305-768x386.jpg 768w, http:\/\/automobilklubtarnow.pl\/wp-content\/uploads\/2022\/05\/IMG_1305-1536x773.jpg 1536w, http:\/\/automobilklubtarnow.pl\/wp-content\/uploads\/2022\/05\/IMG_1305-2048x1031.jpg 2048w, http:\/\/automobilklubtarnow.pl\/wp-content\/uploads\/2022\/05\/IMG_1305-1200x604.jpg 1200w, http:\/\/automobilklubtarnow.pl\/wp-content\/uploads\/2022\/05\/IMG_1305-1980x996.jpg 1980w\" sizes=\"(max-width: 1024px) 100vw, 1024px\" \/><\/figure>\n\n\n\n<figure class=\"wp-block-image size-large\"><img decoding=\"async\" loading=\"lazy\" width=\"1024\" height=\"683\" src=\"http:\/\/automobilklubtarnow.pl\/wp-content\/uploads\/2022\/05\/IMG_1329-1024x683.jpg\" alt=\"\" class=\"wp-image-95\" srcset=\"http:\/\/automobilklubtarnow.pl\/wp-content\/uploads\/2022\/05\/IMG_1329-1024x683.jpg 1024w, http:\/\/automobilklubtarnow.pl\/wp-content\/uploads\/2022\/05\/IMG_1329-300x200.jpg 300w, http:\/\/automobilklubtarnow.pl\/wp-content\/uploads\/2022\/05\/IMG_1329-768x512.jpg 768w, http:\/\/automobilklubtarnow.pl\/wp-content\/uploads\/2022\/05\/IMG_1329-1536x1024.jpg 1536w, http:\/\/automobilklubtarnow.pl\/wp-content\/uploads\/2022\/05\/IMG_1329-2048x1365.jpg 2048w, http:\/\/automobilklubtarnow.pl\/wp-content\/uploads\/2022\/05\/IMG_1329-1200x800.jpg 1200w, http:\/\/automobilklubtarnow.pl\/wp-content\/uploads\/2022\/05\/IMG_1329-1980x1320.jpg 1980w\" sizes=\"(max-width: 1024px) 100vw, 1024px\" \/><\/figure>\n<\/div>\n<\/div>\n\n\n\n<!--more-->\n\n\n\n<div class=\"wp-block-group alignwide is-layout-flow\"><div class=\"wp-block-group__inner-container\">\n<h2 class=\"wp-block-heading has-text-align-center has-accent-color has-text-color\">\u201c<em>Pierwszego samochodu i pierwszej kobiety nigdy nie zapomnisz<\/em>.\u201d<\/h2>\n<\/div><\/div>\n\n\n\n<p class=\"has-drop-cap\"><em>Je\u017celi podzielasz nasz\u0105 pasj\u0119, to drogi czytelniku zapraszamy Ci\u0119 do do\u0142\u0105czenia, do naszego klubu!<\/em><\/p>\n\n\n\n<ul class=\"wp-block-social-links aligncenter has-large-icon-size is-style-pill-shape is-content-justification-center is-layout-flex wp-container-9\"><li class=\"wp-social-link wp-social-link-facebook wp-block-social-link\"><a href=\"https:\/\/www.facebook.com\/automobilklubtarnow\" class=\"wp-block-social-link-anchor\"><svg width=\"24\" height=\"24\" viewBox=\"0 0 24 24\" version=\"1.1\" xmlns=\"http:\/\/www.w3.org\/2000\/svg\" aria-hidden=\"true\" focusable=\"false\"><path d=\"M12 2C6.5 2 2 6.5 2 12c0 5 3.7 9.1 8.4 9.9v-7H7.9V12h2.5V9.8c0-2.5 1.5-3.9 3.8-3.9 1.1 0 2.2.2 2.2.2v2.5h-1.3c-1.2 0-1.6.8-1.6 1.6V12h2.8l-.4 2.9h-2.3v7C18.3 21.1 22 17 22 12c0-5.5-4.5-10-10-10z\"><\/path><\/svg><span class=\"wp-block-social-link-label screen-reader-text\">Facebook<\/span><\/a><\/li>\n\n<li class=\"wp-social-link wp-social-link-mail wp-block-social-link\"><a href=\"mailto:biuro@automobilklubtarnow.pl\" class=\"wp-block-social-link-anchor\"><svg width=\"24\" height=\"24\" viewBox=\"0 0 24 24\" version=\"1.1\" xmlns=\"http:\/\/www.w3.org\/2000\/svg\" aria-hidden=\"true\" focusable=\"false\"><path d=\"M20,4H4C2.895,4,2,4.895,2,6v12c0,1.105,0.895,2,2,2h16c1.105,0,2-0.895,2-2V6C22,4.895,21.105,4,20,4z M20,8.236l-8,4.882 L4,8.236V6h16V8.236z\"><\/path><\/svg><span class=\"wp-block-social-link-label screen-reader-text\">Mail<\/span><\/a><\/li><\/ul>\n\n\n\n<p><\/p>\n","protected":false},"excerpt":{"rendered":"<p>IX Tarnowski Rajd Samochod\u00f3w Zabytkowych 8 &#8211; 11 czerwca 2023 Zdj\u0119cia z wydarze\u0144 klubowych<\/p>\n","protected":false},"author":1,"featured_media":0,"parent":0,"menu_order":0,"comment_status":"closed","ping_status":"closed","template":"","meta":[],"yoast_head":"<!-- This site is optimized with the Yoast SEO plugin v19.0 - https:\/\/yoast.com\/wordpress\/plugins\/seo\/ -->\n<title>AUTOMOBIL KLUB TARN\u00d3W -<\/title>\n<meta name=\"robots\" content=\"index, follow, max-snippet:-1, max-image-preview:large, max-video-preview:-1\" \/>\n<link rel=\"canonical\" href=\"http:\/\/automobilklubtarnow.pl\/\" \/>\n<meta property=\"og:locale\" content=\"en_US\" \/>\n<meta property=\"og:type\" content=\"article\" \/>\n<meta property=\"og:title\" content=\"AUTOMOBIL KLUB TARN\u00d3W -\" \/>\n<meta property=\"og:description\" content=\"IX Tarnowski Rajd Samochod\u00f3w Zabytkowych 8 &#8211; 11 czerwca 2023 Zdj\u0119cia z wydarze\u0144 klubowych\" \/>\n<meta property=\"og:url\" content=\"http:\/\/automobilklubtarnow.pl\/\" \/>\n<meta property=\"article:publisher\" content=\"https:\/\/www.facebook.com\/automobilklubtarnow\" \/>\n<meta property=\"article:modified_time\" content=\"2023-05-23T06:48:31+00:00\" \/>\n<meta property=\"og:image\" content=\"http:\/\/automobilklubtarnow.pl\/wp-content\/uploads\/2023\/05\/rajd-1024x544.jpg\" \/>\n<meta name=\"twitter:card\" content=\"summary_large_image\" \/>\n<meta name=\"twitter:label1\" content=\"Est. reading time\" \/>\n\t<meta name=\"twitter:data1\" content=\"3 minutes\" \/>\n<script type=\"application\/ld+json\" class=\"yoast-schema-graph\">{\"@context\":\"https:\/\/schema.org\",\"@graph\":[{\"@type\":\"WebSite\",\"@id\":\"http:\/\/automobilklubtarnow.pl\/#website\",\"url\":\"http:\/\/automobilklubtarnow.pl\/\",\"name\":\"\",\"description\":\"\",\"potentialAction\":[{\"@type\":\"SearchAction\",\"target\":{\"@type\":\"EntryPoint\",\"urlTemplate\":\"http:\/\/automobilklubtarnow.pl\/?s={search_term_string}\"},\"query-input\":\"required name=search_term_string\"}],\"inLanguage\":\"en-US\"},{\"@type\":\"ImageObject\",\"inLanguage\":\"en-US\",\"@id\":\"http:\/\/automobilklubtarnow.pl\/#primaryimage\",\"url\":\"http:\/\/automobilklubtarnow.pl\/wp-content\/uploads\/2023\/05\/rajd.jpg\",\"contentUrl\":\"http:\/\/automobilklubtarnow.pl\/wp-content\/uploads\/2023\/05\/rajd.jpg\",\"width\":1807,\"height\":960},{\"@type\":\"WebPage\",\"@id\":\"http:\/\/automobilklubtarnow.pl\/#webpage\",\"url\":\"http:\/\/automobilklubtarnow.pl\/\",\"name\":\"AUTOMOBIL KLUB TARN\u00d3W -\",\"isPartOf\":{\"@id\":\"http:\/\/automobilklubtarnow.pl\/#website\"},\"primaryImageOfPage\":{\"@id\":\"http:\/\/automobilklubtarnow.pl\/#primaryimage\"},\"datePublished\":\"2022-02-28T22:15:07+00:00\",\"dateModified\":\"2023-05-23T06:48:31+00:00\",\"breadcrumb\":{\"@id\":\"http:\/\/automobilklubtarnow.pl\/#breadcrumb\"},\"inLanguage\":\"en-US\",\"potentialAction\":[{\"@type\":\"ReadAction\",\"target\":[\"http:\/\/automobilklubtarnow.pl\/\"]}]},{\"@type\":\"BreadcrumbList\",\"@id\":\"http:\/\/automobilklubtarnow.pl\/#breadcrumb\",\"itemListElement\":[{\"@type\":\"ListItem\",\"position\":1,\"name\":\"Home\",\"item\":\"http:\/\/automobilklubtarnow.pl\/\"},{\"@type\":\"ListItem\",\"position\":2,\"name\":\"AUTOMOBIL KLUB TARN\u00d3W\"}]}]}<\/script>\n<!-- \/ Yoast SEO plugin. -->","yoast_head_json":{"title":"AUTOMOBIL KLUB TARN\u00d3W -","robots":{"index":"index","follow":"follow","max-snippet":"max-snippet:-1","max-image-preview":"max-image-preview:large","max-video-preview":"max-video-preview:-1"},"canonical":"http:\/\/automobilklubtarnow.pl\/","og_locale":"en_US","og_type":"article","og_title":"AUTOMOBIL KLUB TARN\u00d3W -","og_description":"IX Tarnowski Rajd Samochod\u00f3w Zabytkowych 8 &#8211; 11 czerwca 2023 Zdj\u0119cia z wydarze\u0144 klubowych","og_url":"http:\/\/automobilklubtarnow.pl\/","article_publisher":"https:\/\/www.facebook.com\/automobilklubtarnow","article_modified_time":"2023-05-23T06:48:31+00:00","og_image":[{"url":"http:\/\/automobilklubtarnow.pl\/wp-content\/uploads\/2023\/05\/rajd-1024x544.jpg"}],"twitter_card":"summary_large_image","twitter_misc":{"Est. reading time":"3 minutes"},"schema":{"@context":"https:\/\/schema.org","@graph":[{"@type":"WebSite","@id":"http:\/\/automobilklubtarnow.pl\/#website","url":"http:\/\/automobilklubtarnow.pl\/","name":"","description":"","potentialAction":[{"@type":"SearchAction","target":{"@type":"EntryPoint","urlTemplate":"http:\/\/automobilklubtarnow.pl\/?s={search_term_string}"},"query-input":"required name=search_term_string"}],"inLanguage":"en-US"},{"@type":"ImageObject","inLanguage":"en-US","@id":"http:\/\/automobilklubtarnow.pl\/#primaryimage","url":"http:\/\/automobilklubtarnow.pl\/wp-content\/uploads\/2023\/05\/rajd.jpg","contentUrl":"http:\/\/automobilklubtarnow.pl\/wp-content\/uploads\/2023\/05\/rajd.jpg","width":1807,"height":960},{"@type":"WebPage","@id":"http:\/\/automobilklubtarnow.pl\/#webpage","url":"http:\/\/automobilklubtarnow.pl\/","name":"AUTOMOBIL KLUB TARN\u00d3W -","isPartOf":{"@id":"http:\/\/automobilklubtarnow.pl\/#website"},"primaryImageOfPage":{"@id":"http:\/\/automobilklubtarnow.pl\/#primaryimage"},"datePublished":"2022-02-28T22:15:07+00:00","dateModified":"2023-05-23T06:48:31+00:00","breadcrumb":{"@id":"http:\/\/automobilklubtarnow.pl\/#breadcrumb"},"inLanguage":"en-US","potentialAction":[{"@type":"ReadAction","target":["http:\/\/automobilklubtarnow.pl\/"]}]},{"@type":"BreadcrumbList","@id":"http:\/\/automobilklubtarnow.pl\/#breadcrumb","itemListElement":[{"@type":"ListItem","position":1,"name":"Home","item":"http:\/\/automobilklubtarnow.pl\/"},{"@type":"ListItem","position":2,"name":"AUTOMOBIL KLUB TARN\u00d3W"}]}]}},"_links":{"self":[{"href":"http:\/\/automobilklubtarnow.pl\/index.php?rest_route=\/wp\/v2\/pages\/8"}],"collection":[{"href":"http:\/\/automobilklubtarnow.pl\/index.php?rest_route=\/wp\/v2\/pages"}],"about":[{"href":"http:\/\/automobilklubtarnow.pl\/index.php?rest_route=\/wp\/v2\/types\/page"}],"author":[{"embeddable":true,"href":"http:\/\/automobilklubtarnow.pl\/index.php?rest_route=\/wp\/v2\/users\/1"}],"replies":[{"embeddable":true,"href":"http:\/\/automobilklubtarnow.pl\/index.php?rest_route=%2Fwp%2Fv2%2Fcomments&post=8"}],"version-history":[{"count":24,"href":"http:\/\/automobilklubtarnow.pl\/index.php?rest_route=\/wp\/v2\/pages\/8\/revisions"}],"predecessor-version":[{"id":109,"href":"http:\/\/automobilklubtarnow.pl\/index.php?rest_route=\/wp\/v2\/pages\/8\/revisions\/109"}],"wp:attachment":[{"href":"http:\/\/automobilklubtarnow.pl\/index.php?rest_route=%2Fwp%2Fv2%2Fmedia&parent=8"}],"curies":[{"name":"wp","href":"https:\/\/api.w.org\/{rel}","templated":true}]}}